{"id":127,"date":"2018-09-25T08:46:22","date_gmt":"2018-09-25T11:46:22","guid":{"rendered":"https:\/\/ciaef.edu.uy\/2019\/?page_id=127"},"modified":"2018-09-25T08:51:00","modified_gmt":"2018-09-25T11:51:00","slug":"council-for-the-inter-american-conferences-on-physics-education-ciacpe","status":"publish","type":"page","link":"https:\/\/ciaef.edu.uy\/2019\/index.php\/consejo-interamericano\/council-for-the-inter-american-conferences-on-physics-education-ciacpe\/","title":{"rendered":"Council for the Inter-American Conferences on Physics Education (CIACPE)"},"content":{"rendered":"<p><b>Council for the Inter-American Conferences on Physics Education (CIACPE)<\/b><\/p>\n<p><b>Consejo para las Conferencias Interamericanas Sobre Educaci\u00f3n en F\u00edsica (CCIAEF)<\/b><\/p>\n<p><b>Conselho para as Confer\u00eancias Interamericanas sobre Educa\u00e7\u00e3o da F\u00edsica (CIAEF)<\/b><\/p>\n<p>&nbsp;<\/p>\n<p><b>BYLAWS OF CIACPE<\/b><\/p>\n<p>&nbsp;<\/p>\n<p><b>Introduction:<\/b><\/p>\n<p>&nbsp;<\/p>\n<p>The IACPE are held every three years in a different country of the Inter-American region in order to exchange experiences and to define actions for improvement of the Physics Education in this area. Each IACPE is organized by the Council for the Inter-American Conferences on Physics Education (CIACPE) in coordination with a national committee of the host country.<\/p>\n<p>&nbsp;<\/p>\n<p><b>Objectives:<\/b><\/p>\n<ol>\n<li>To congregate physics educators of the Americas in one Inter-American Council of Physics Education.<\/li>\n<li>To stimulate communication, networking in teaching and learning physics, exchanging instructional resources, research findings, experiences, and studies among physics educators of the Americas.<\/li>\n<li>To organize an Inter-American Conference on physics education every three years.<\/li>\n<\/ol>\n<p>&nbsp;<\/p>\n<p><b>Membership:<\/b><\/p>\n<ol>\n<li>All countries of the Americas are entitled to representation on this Council.<\/li>\n<li>Each country shall be entitled to nominate up to two representatives to the Council. Countries with a large number of active physics education groups may be entitled to one more representative to the Council.<\/li>\n<li>Council-membership nominations can be made by national associations or groups of physics and\/or physics teachers, or by members of the Council. Nominees must be persons active in the teaching and learning of Physics in their countries (which does not mean they can not be retired in their institutions). Advisory members can be proposed by members of the Council. In all cases, acceptance shall be decided by the Council.<\/li>\n<li>In one of the meetings of the Council in each IACPE, an analysis of the composition of the Council will be made. It will be necessary to replace members who have not presented papers at the last two IACPE, who represent countries with little systematic assistance to IACPE, who have had little involvement in Council activities between IACPE, or who have ceased in their activities related to Physics teaching and learning.<\/li>\n<li>An Executive Committee made up of a President, a Vice-President, and an Executive Secretary, shall be elected from among the Council members, every three years.<\/li>\n<li>At one of the first Council meetings during each Conference, members shall nominate candidates for the offices of President and Executive Secretary. Prior to the end of the Conference, the Council members present shall hold an election to choose among the nominees. The office of Vice-President shall be held by one of the members of the host-country of the next Conference.<\/li>\n<\/ol>\n<p>&nbsp;<\/p>\n<p><b>Duties of the Council members:<\/b><\/p>\n<ol>\n<li>Hold at least one full meeting during each Conference.<\/li>\n<li>Elect, by secret ballot, the members of the Executive Committee.<\/li>\n<li>Choose, by secret ballot, the host-country and one alternative host-country for each Conference.<\/li>\n<li>Recommend the general organizational guidelines for each Conference.<\/li>\n<li>Propose new members to the Council.<\/li>\n<li>Stimulate Conference participation among physics educators.<\/li>\n<li>Submit talks for the Conference in which they will participate, when they intend to get financial support from the organizing committee.<\/li>\n<li>Approve minutes of physical meetings during IACPE and other documents agreed as necessary ones, at meetings in person or electronically (committees productions, IACPE reports, etc.).<\/li>\n<li>Actively participate in Council activities arising between IACPE.<\/li>\n<\/ol>\n<p>&nbsp;<\/p>\n<p><b>Duties of the Executive Committee: <\/b><\/p>\n<ol>\n<li>Meet al least once a year, whenever possible.<\/li>\n<li>Lend advice to the organizing committee of each Conference.<\/li>\n<li>Maintain regular communication with Council members.<\/li>\n<li>Lend active cooperation to obtain financial support for each Conference.<\/li>\n<li>Submit to the Council for consideration and approval, organizational and especially academic aspects, necessary for the ongoing IACPE, through the President and the Secretary.<\/li>\n<\/ol>\n<p>&nbsp;<\/p>\n<p><b>Duties of the President:<\/b><\/p>\n<ol>\n<li>Preside at all Executive Committee and Council meetings.<\/li>\n<li>Take part in the organizing committee of each Conference.<\/li>\n<\/ol>\n<p>&nbsp;<\/p>\n<p><b>Duties of the Vice-President:<\/b><\/p>\n<ol>\n<li>Assume responsibility before the Council for de Conference to be held in his\/her country.<\/li>\n<li>Nominate and chair the national organizing committee of the Conference.<\/li>\n<li>Report periodically to the Executive Committee on the progress of the organization of the ongoing Conference.<\/li>\n<li>Submit to the Executive Committee, for the approval of the Council, the technical-academic report of the Conference, in a period not exceeding three months after its ending.<\/li>\n<\/ol>\n<p>&nbsp;<\/p>\n<p><b>Duties of the Executive Secretary:<\/b><\/p>\n<ol>\n<li>Keep in touch with all Council members.<\/li>\n<li>Execute decisions made at Council and Executive Committee meetings.<\/li>\n<li>Keep the Council directory updated.<\/li>\n<li>Prepare the minutes of Council meeting and keep records of Council decisions.<\/li>\n<\/ol>\n<p>&nbsp;<\/p>\n<p><b>The council shall deliberate on all subjects not dealt with in these bylaws.<\/b><\/p>\n","protected":false},"excerpt":{"rendered":"<p>Council for the Inter-American Conferences on Physics Education (CIACPE) Consejo para las Conferencias Interamericanas Sobre Educaci\u00f3n en F\u00edsica (CCIAEF) Conselho para as Confer\u00eancias Interamericanas sobre Educa\u00e7\u00e3o da F\u00edsica (CIAEF) &nbsp; BYLAWS OF CIACPE &nbsp; Introduction: &nbsp; The IACPE are held every three years in a different country of the Inter-American region in order to exchange <a href=\"https:\/\/ciaef.edu.uy\/2019\/index.php\/consejo-interamericano\/council-for-the-inter-american-conferences-on-physics-education-ciacpe\/\" rel=\"nofollow\"><span class=\"sr-only\">Leer m\u00e1s sobreCouncil for the Inter-American Conferences on Physics Education (CIACPE)<\/span>[&hellip;]<\/a><\/p>\n","protected":false},"author":4,"featured_media":0,"parent":44,"menu_order":0,"comment_status":"closed","ping_status":"closed","template":"","meta":{"spay_email":""},"jetpack_sharing_enabled":true,"jetpack_shortlink":"https:\/\/wp.me\/Pah2Sl-23","jetpack-related-posts":[],"_links":{"self":[{"href":"https:\/\/ciaef.edu.uy\/2019\/index.php\/wp-json\/wp\/v2\/pages\/127"}],"collection":[{"href":"https:\/\/ciaef.edu.uy\/2019\/index.php\/wp-json\/wp\/v2\/pages"}],"about":[{"href":"https:\/\/ciaef.edu.uy\/2019\/index.php\/wp-json\/wp\/v2\/types\/page"}],"author":[{"embeddable":true,"href":"https:\/\/ciaef.edu.uy\/2019\/index.php\/wp-json\/wp\/v2\/users\/4"}],"replies":[{"embeddable":true,"href":"https:\/\/ciaef.edu.uy\/2019\/index.php\/wp-json\/wp\/v2\/comments?post=127"}],"version-history":[{"count":1,"href":"https:\/\/ciaef.edu.uy\/2019\/index.php\/wp-json\/wp\/v2\/pages\/127\/revisions"}],"predecessor-version":[{"id":128,"href":"https:\/\/ciaef.edu.uy\/2019\/index.php\/wp-json\/wp\/v2\/pages\/127\/revisions\/128"}],"up":[{"embeddable":true,"href":"https:\/\/ciaef.edu.uy\/2019\/index.php\/wp-json\/wp\/v2\/pages\/44"}],"wp:attachment":[{"href":"https:\/\/ciaef.edu.uy\/2019\/index.php\/wp-json\/wp\/v2\/media?parent=127"}],"curies":[{"name":"wp","href":"https:\/\/api.w.org\/{rel}","templated":true}]}}